{"id":365,"date":"2014-07-05T08:48:15","date_gmt":"2014-07-05T05:48:15","guid":{"rendered":"http:\/\/dev.cohhe.com\/themes\/seatera\/?page_id=365"},"modified":"2015-10-06T21:21:37","modified_gmt":"2015-10-06T19:21:37","slug":"kontakto","status":"publish","type":"page","link":"https:\/\/zjarr.tv\/sq\/kontakto\/","title":{"rendered":"Kontakto"},"content":{"rendered":"<div id=\"tdi_1\" class=\"tdc-row\"><div class=\"vc_row vc_custom_1407500364123 tdi_2  wpb_row td-pb-row\" >\n<style scoped>\n\/* custom css - generated by TagDiv Composer *\/\n\n\/* tdc_composer_block - inline css att *\/\n.vc_custom_1407500364123{margin-bottom: 0px !important;}\n\/* custom css - generated by TagDiv Composer *\/\n.tdi_2,\r\n                .tdi_2 .tdc-columns{\r\n                    min-height: 0;\r\n                }.tdi_2,\r\n\t\t\t\t.tdi_2 .tdc-columns{\r\n\t\t\t\t    display: block;\r\n\t\t\t\t}.tdi_2 .tdc-columns{\r\n\t\t\t\t    width: 100%;\r\n\t\t\t\t}.tdi_2:before,\r\n\t\t\t\t.tdi_2:after{\r\n\t\t\t\t    display: table;\r\n\t\t\t\t}\n<\/style><div class=\"vc_column tdi_4  wpb_column vc_column_container tdc-column td-pb-span6\">\n<style scoped>\n\/* custom css - generated by TagDiv Composer *\/\n\n\/* custom css - generated by TagDiv Composer *\/\n.tdi_4{\r\n                    vertical-align: baseline;\r\n                }.tdi_4 > .wpb_wrapper,\r\n\t\t\t\t.tdi_4 > .wpb_wrapper > .tdc-elements{\r\n\t\t\t\t    display: block;\r\n\t\t\t\t}.tdi_4 > .wpb_wrapper > .tdc-elements{\r\n\t\t\t\t    width: 100%;\r\n\t\t\t\t}.tdi_4 > .wpb_wrapper > .vc_row_inner{\r\n\t\t\t\t    width: auto;\r\n\t\t\t\t}.tdi_4 > .wpb_wrapper{\r\n\t\t\t\t    width: auto;\r\n\t\t\t\t    height: auto;\r\n\t\t\t\t}\n<\/style><div class=\"wpb_wrapper\" ><div class=\"wpb_wrapper td_block_wrap vc_raw_html tdi_6 \"><div class=\"td-fix-index\"><h1 class=\"contact_us_title\">Kontakto <strong>me ne<\/strong><\/h1>\n<div class=\"contacts_page\">\n\n\t<div class=\"contact_us_phone\">Phone: \n\t\t<span>+355694299988<\/span>\n\t<\/div>\n\n\t<div class=\"contact_us_phone\">Phone: \n\t\t<span>+35544501520<\/span>\n\t<\/div>\n \n\n\t<div class=\"contact_us_email\">Email: <a href=\"mailto:info@zjarr.tv\" target=\"_top\" class=\"email\">\n\tinfo@zjarr.tv<\/a>\n\t<\/div>\n\n\t<div class=\"contact_us_address\">PR: Xhoana Drishti\n\t\t\n\t<\/div>\n\n\t<div class=\"contact_us_email\">Email: \n\t\t<a href=\"mailto:xhoanadrishti@zjarr.tv\" target=\"_top\" class=\"email\">xhoanadrishti@zjarr.tv<\/a>\n\t<\/div>\n\n\t<div class=\"contact_us_address\">Address: \n\t\t<span>Zjarr Televizion, Rr. 3 D\u00ebshmor\u00ebt pll. Jera 3 K.1 Yzberisht, Tiran\u00eb<\/span>\n\t<\/div>\n\n<\/div><\/div><\/div><\/div><\/div><div class=\"vc_column tdi_8  wpb_column vc_column_container tdc-column td-pb-span6\">\n<style scoped>\n\/* custom css - generated by TagDiv Composer *\/\n\n\/* custom css - generated by TagDiv Composer *\/\n.tdi_8{\r\n                    vertical-align: baseline;\r\n                }.tdi_8 > .wpb_wrapper,\r\n\t\t\t\t.tdi_8 > .wpb_wrapper > .tdc-elements{\r\n\t\t\t\t    display: block;\r\n\t\t\t\t}.tdi_8 > .wpb_wrapper > .tdc-elements{\r\n\t\t\t\t    width: 100%;\r\n\t\t\t\t}.tdi_8 > .wpb_wrapper > .vc_row_inner{\r\n\t\t\t\t    width: auto;\r\n\t\t\t\t}.tdi_8 > .wpb_wrapper{\r\n\t\t\t\t    width: auto;\r\n\t\t\t\t    height: auto;\r\n\t\t\t\t}\n<\/style><div class=\"wpb_wrapper\" ><div class=\"wpb_wrapper wpb_text_column td_block_wrap td_block_wrap vc_column_text tdi_9  tagdiv-type td-pb-border-top td_block_template_1\"  data-td-block-uid=\"tdi_9\" >\n<style>\n\/* custom css - generated by TagDiv Composer *\/\n.vc_column_text > .td-element-style{\r\n\t\t\t\t\tz-index: -1;\r\n\t\t\t\t}\n<\/style><div class=\"td-fix-index\"><h1 class=\"color_black\">ose dergo <strong> mesazh<\/strong><\/h1>\n<p>[contact-form-7 id=&#8221;1954&#8243; title=&#8221;Contact Us&#8221;]<\/p>\n<\/div><\/div><\/div><\/div><\/div><\/div>","protected":false},"excerpt":{"rendered":"","protected":false},"author":2044,"featured_media":0,"parent":0,"menu_order":0,"comment_status":"open","ping_status":"closed","template":"page_full_width.php","meta":{"footnotes":""},"class_list":["post-365","page","type-page","status-publish"],"_links":{"self":[{"href":"https:\/\/zjarr.tv\/sq\/wp-json\/wp\/v2\/pages\/365","targetHints":{"allow":["GET"]}}],"collection":[{"href":"https:\/\/zjarr.tv\/sq\/wp-json\/wp\/v2\/pages"}],"about":[{"href":"https:\/\/zjarr.tv\/sq\/wp-json\/wp\/v2\/types\/page"}],"author":[{"embeddable":true,"href":"https:\/\/zjarr.tv\/sq\/wp-json\/wp\/v2\/users\/2044"}],"replies":[{"embeddable":true,"href":"https:\/\/zjarr.tv\/sq\/wp-json\/wp\/v2\/comments?post=365"}],"version-history":[{"count":0,"href":"https:\/\/zjarr.tv\/sq\/wp-json\/wp\/v2\/pages\/365\/revisions"}],"wp:attachment":[{"href":"https:\/\/zjarr.tv\/sq\/wp-json\/wp\/v2\/media?parent=365"}],"curies":[{"name":"wp","href":"https:\/\/api.w.org\/{rel}","templated":true}]}}